{"id":11518,"date":"2023-03-21T15:03:36","date_gmt":"2023-03-21T12:03:36","guid":{"rendered":"https:\/\/markacatdemo.com\/kayrayedek\/?page_id=11518"},"modified":"2023-10-05T00:28:45","modified_gmt":"2023-10-04T21:28:45","slug":"kvkk-iletisim-aydinlatma-metni","status":"publish","type":"page","link":"https:\/\/alupax.com\/en\/kvkk-iletisim-aydinlatma-metni\/","title":{"rendered":"KVKK \u0130leti\u015fim Ayd\u0131nlatma Metni"},"content":{"rendered":"<p><strong>\u201calupax.com\u201d<\/strong>\u00a0web adresinde yer alan ileti\u015fim hatt\u0131 ile ileti\u015fim kuranlar\u0131n payla\u015fm\u0131\u015f oldu\u011fu\u00a0<strong>\u201cad-soyad, telefon numaras\u0131,e-mail adresine\u201d<\/strong>\u00a0ait ki\u015fisel verileri:<\/p>\r\n\r\n\r\n\r\n<ol class=\"wp-block-list\" type=\"1\">\r\n<li>\u0130leti\u015fim kuran ki\u015fiye do\u011fru hitap edilebilmesi,<\/li>\r\n\r\n\r\n\r\n<li>\u0130leti\u015fimin teyidi,<\/li>\r\n\r\n\r\n\r\n<li>Talep, \u00f6neri, \u015fikayetlerin takibi,<\/li>\r\n\r\n\r\n\r\n<li>Do\u011fabilecek uyu\u015fmazl\u0131klarda delil olarak kullan\u0131lmas\u0131<\/li>\r\n<\/ol>\r\n\r\n\r\n\r\n<p>.<\/p>\r\n\r\n\r\n\r\n<p class=\" translation-block\">These personal data are transferred to \"Authorized public institutions and organizations\" in order to fulfill the obligations arising from the provisions of the relevant legislation and to resolve legal disputes.<\/p>\r\n\r\n\r\n\r\n<p class=\" translation-block\">These personal data are processed automatically in digital environment based on the legal reason stated in Article 5 of the Law that \"it is mandatory for the legitimate interest of the data controller, provided that it does not harm the fundamental rights and freedoms of the data subject, and to fulfill the legal obligation\".<\/p>\r\n\r\n\r\n\r\n<p>Veri Sorumlusuna Ba\u015fvuru Usul ve Esaslar Hakk\u0131nda Tebli\u011f h\u00fck\u00fcmleri uyar\u0131nca Veri Sorumlusu olan\u00a0<strong>Alupax\u2019\u0131n <\/strong>Yenibosna Merkez Mahallesi, Kavak Sk. No:4, Bah\u00e7elievler\/\u0130STANBUL\u2019da bulunan adresine 6698 say\u0131l\u0131 Ki\u015fisel Verilerin Korunmas\u0131 Kanunu\u2019nun 11.maddesinde belirtilen haklara ili\u015fkin taleplerinizi yaz\u0131l\u0131 olarak bildirebilirsiniz.<\/p>\r\n\r\n\r\n\r\n<p>&nbsp;<\/p>","protected":false},"excerpt":{"rendered":"<p>\u201calupax.com\u201d\u00a0web adresinde yer alan ileti\u015fim hatt\u0131 ile ileti\u015fim kuranlar\u0131n payla\u015fm\u0131\u015f oldu\u011fu\u00a0\u201cad-soyad, telefon numaras\u0131,e-mail adresine\u201d\u00a0ait ki\u015fisel verileri: ama\u00e7lar\u0131yla s\u0131n\u0131rl\u0131 olarak i\u015flenmektedir.<\/p>","protected":false},"author":1,"featured_media":0,"parent":0,"menu_order":0,"comment_status":"closed","ping_status":"closed","template":"","meta":{"_seopress_robots_primary_cat":"","footnotes":""},"class_list":["post-11518","page","type-page","status-publish","hentry"],"_links":{"self":[{"href":"https:\/\/alupax.com\/en\/wp-json\/wp\/v2\/pages\/11518","targetHints":{"allow":["GET"]}}],"collection":[{"href":"https:\/\/alupax.com\/en\/wp-json\/wp\/v2\/pages"}],"about":[{"href":"https:\/\/alupax.com\/en\/wp-json\/wp\/v2\/types\/page"}],"author":[{"embeddable":true,"href":"https:\/\/alupax.com\/en\/wp-json\/wp\/v2\/users\/1"}],"replies":[{"embeddable":true,"href":"https:\/\/alupax.com\/en\/wp-json\/wp\/v2\/comments?post=11518"}],"version-history":[{"count":3,"href":"https:\/\/alupax.com\/en\/wp-json\/wp\/v2\/pages\/11518\/revisions"}],"predecessor-version":[{"id":12670,"href":"https:\/\/alupax.com\/en\/wp-json\/wp\/v2\/pages\/11518\/revisions\/12670"}],"wp:attachment":[{"href":"https:\/\/alupax.com\/en\/wp-json\/wp\/v2\/media?parent=11518"}],"curies":[{"name":"wp","href":"https:\/\/api.w.org\/{rel}","templated":true}]}}