{"id":11362,"date":"2023-03-01T14:59:24","date_gmt":"2023-03-01T14:59:24","guid":{"rendered":"https:\/\/markacatdemo.com\/kayrayedek\/?page_id=11362"},"modified":"2023-10-04T16:44:22","modified_gmt":"2023-10-04T13:44:22","slug":"proje-hizmetleri","status":"publish","type":"page","link":"https:\/\/alupax.com\/en\/proje-hizmetleri\/","title":{"rendered":"Project Services"},"content":{"rendered":"<div data-elementor-type=\"wp-page\" data-elementor-id=\"11362\" class=\"elementor elementor-11362\">\n\t\t\t\t\t\t\t\t\t<section class=\"wd-negative-gap elementor-section elementor-top-section elementor-element elementor-element-4b697f86 wd-section-stretch-content elementor-section-content-middle elementor-section-boxed elementor-section-height-default elementor-section-height-default\" data-id=\"4b697f86\" data-element_type=\"section\">\n\t\t\t\t\t\t<div class=\"elementor-container elementor-column-gap-extended\">\n\t\t\t\t\t<div class=\"elementor-column elementor-col-25 elementor-top-column elementor-element elementor-element-49d9359d\" data-id=\"49d9359d\" data-element_type=\"column\">\n\t\t\t<div class=\"elementor-widget-wrap elementor-element-populated\">\n\t\t\t\t\t\t\t\t\t<link rel=\"stylesheet\" id=\"wd-animations-css\" href=\"https:\/\/alupax.com\/wp-content\/themes\/woodmart\/css\/parts\/mod-animations-transform.min.css?ver=7.3.2\" type=\"text\/css\" media=\"all\" \/> \t\t\t\t\t<div class=\"elementor-element elementor-element-89b2f10 wd-animation-slide-from-left wd-animation-fast elementor-widget elementor-widget-wd_image_or_svg\" data-id=\"89b2f10\" data-element_type=\"widget\" data-widget_type=\"wd_image_or_svg.default\">\n\t\t\t\t<div class=\"elementor-widget-container\">\n\t\t\t\n\t\t<div class=\"wd-image text-center\">\n\t\t\t\t\t\t\t\t<img loading=\"lazy\" decoding=\"async\" width=\"440\" height=\"580\" src=\"https:\/\/alupax.com\/wp-content\/uploads\/2023\/04\/top2-440x580.png\" class=\"attachment-440x580 size-440x580\" alt=\"\" srcset=\"https:\/\/alupax.com\/wp-content\/uploads\/2023\/04\/top2.png 440w, https:\/\/alupax.com\/wp-content\/uploads\/2023\/04\/top2-228x300.png 228w, https:\/\/alupax.com\/wp-content\/uploads\/2023\/04\/top2-430x567.png 430w, https:\/\/alupax.com\/wp-content\/uploads\/2023\/04\/top2-150x198.png 150w\" sizes=\"auto, (max-width: 440px) 100vw, 440px\" \/>\t\t\t\t\t<\/div>\n\n\t\t\t\t<\/div>\n\t\t\t\t<\/div>\n\t\t\t\t\t<\/div>\n\t\t<\/div>\n\t\t\t\t<div class=\"elementor-column elementor-col-25 elementor-top-column elementor-element elementor-element-533d60f2\" data-id=\"533d60f2\" data-element_type=\"column\">\n\t\t\t<div class=\"elementor-widget-wrap elementor-element-populated\">\n\t\t\t\t\t\t\t\t<div class=\"elementor-element elementor-element-98460c3 wd-animation-slide-from-left wd-animation-fast elementor-widget elementor-widget-wd_image_or_svg\" data-id=\"98460c3\" data-element_type=\"widget\" data-widget_type=\"wd_image_or_svg.default\">\n\t\t\t\t<div class=\"elementor-widget-container\">\n\t\t\t\n\t\t<div class=\"wd-image text-center\">\n\t\t\t\t\t\t\t\t<img loading=\"lazy\" decoding=\"async\" width=\"440\" height=\"580\" src=\"https:\/\/alupax.com\/wp-content\/uploads\/2023\/04\/dsqdas-440x580.jpg\" class=\"attachment-440x580 size-440x580\" alt=\"\" srcset=\"https:\/\/alupax.com\/wp-content\/uploads\/2023\/04\/dsqdas.jpg 440w, https:\/\/alupax.com\/wp-content\/uploads\/2023\/04\/dsqdas-228x300.jpg 228w, https:\/\/alupax.com\/wp-content\/uploads\/2023\/04\/dsqdas-430x567.jpg 430w, https:\/\/alupax.com\/wp-content\/uploads\/2023\/04\/dsqdas-150x198.jpg 150w\" sizes=\"auto, (max-width: 440px) 100vw, 440px\" \/>\t\t\t\t\t<\/div>\n\n\t\t\t\t<\/div>\n\t\t\t\t<\/div>\n\t\t\t\t\t<\/div>\n\t\t<\/div>\n\t\t\t\t<div class=\"elementor-column elementor-col-50 elementor-top-column elementor-element elementor-element-6132e3c6\" data-id=\"6132e3c6\" data-element_type=\"column\">\n\t\t\t<div class=\"elementor-widget-wrap elementor-element-populated\">\n\t\t\t\t\t\t\t\t<div class=\"elementor-element elementor-element-c347ad8 wd-animation-slide-from-left wd-animation-fast elementor-hidden-desktop elementor-hidden-tablet wd_delay_100 elementor-widget elementor-widget-wd_text_block\" data-id=\"c347ad8\" data-element_type=\"widget\" data-widget_type=\"wd_text_block.default\">\n\t\t\t\t<div class=\"elementor-widget-container\">\n\t\t\t\t\t\t<link rel=\"stylesheet\" id=\"wd-text-block-css\" href=\"https:\/\/alupax.com\/wp-content\/themes\/woodmart\/css\/parts\/el-text-block.min.css?ver=7.3.2\" type=\"text\/css\" media=\"all\" \/> \t\t\t\t\t<div class=\"wd-text-block reset-last-child text-left\">\n\t\t\t\n\t\t\t<p>Woodmart animations<\/p>\n\t\t\t\t\t<\/div>\n\t\t\t\t<\/div>\n\t\t\t\t<\/div>\n\t\t\t\t<div class=\"elementor-element elementor-element-32d1ab6d wd-animation-slide-from-left wd-animation-fast wd_delay_250 elementor-widget elementor-widget-wd_title\" data-id=\"32d1ab6d\" data-element_type=\"widget\" data-widget_type=\"wd_title.default\">\n\t\t\t\t<div class=\"elementor-widget-container\">\n\t\t\t\t\t\t<link rel=\"stylesheet\" id=\"wd-section-title-css\" href=\"https:\/\/alupax.com\/wp-content\/themes\/woodmart\/css\/parts\/el-section-title.min.css?ver=7.3.2\" type=\"text\/css\" media=\"all\" \/> \t\t\t\t\t\t<link rel=\"stylesheet\" id=\"wd-mod-highlighted-text-css\" href=\"https:\/\/alupax.com\/wp-content\/themes\/woodmart\/css\/parts\/mod-highlighted-text.min.css?ver=7.3.2\" type=\"text\/css\" media=\"all\" \/> \t\t\t\t\t<div class=\"title-wrapper set-mb-s reset-last-child wd-title-color-default wd-title-style-default wd-title-size-extra-large text-left\">\n\n\t\t\t\n\t\t\t<div class=\"liner-continer\">\n\t\t\t\t<h4 class=\"woodmart-title-container title wd-fontsize-xxxl wd-underline-colored\"><u>Project<\/u>  Services<\/h4> \n\t\t\t\t\t\t\t<\/div>\n\n\t\t\t\t\t<\/div>\n\t\t\t\t<\/div>\n\t\t\t\t<\/div>\n\t\t\t\t<div class=\"elementor-element elementor-element-d6782f4 wd-animation-slide-from-left wd-animation-fast wd_delay_400 elementor-widget elementor-widget-wd_text_block\" data-id=\"d6782f4\" data-element_type=\"widget\" data-widget_type=\"wd_text_block.default\">\n\t\t\t\t<div class=\"elementor-widget-container\">\n\t\t\t\t\t<div class=\"wd-text-block reset-last-child text-left\">\n\t\t\t\n\t\t\t<p>Alupax olarak de\u011fi\u015fen m\u00fc\u015fteri ihtiya\u00e7lar\u0131n\u0131 kar\u015f\u0131lamak \u00fczere g\u00fcvenilir \u00e7\u00f6z\u00fcm orta\u011f\u0131 olmaya devam ediyoruz.<\/p>\n\t\t\t\t\t<\/div>\n\t\t\t\t<\/div>\n\t\t\t\t<\/div>\n\t\t\t\t<div class=\"elementor-element elementor-element-7b570561 elementor-widget__width-auto wd-animation-slide-from-left wd-animation-fast wd_delay_500 elementor-widget elementor-widget-wd_button\" data-id=\"7b570561\" data-element_type=\"widget\" data-widget_type=\"wd_button.default\">\n\t\t\t\t<div class=\"elementor-widget-container\">\n\t\t\t\t\t<div class=\"wd-button-wrapper text-center\" >\n\t\t\t<a class=\"btn btn-style-default btn-style-rectangle btn-size-default btn-color-black btn-icon-pos-right\"  href=\"#\">\n\t\t\t\t<span class=\"wd-btn-text\" data-elementor-setting-key=\"text\">\n\t\t\t\t\tRequest Information\t\t\t\t<\/span>\n\n\t\t\t\t\t\t\t<\/a>\n\t\t<\/div>\n\t\t\t\t<\/div>\n\t\t\t\t<\/div>\n\t\t\t\t\t<\/div>\n\t\t<\/div>\n\t\t\t\t\t\t\t<\/div>\n\t\t<\/section>\n\t\t\t\t<section class=\"wd-negative-gap elementor-section elementor-top-section elementor-element elementor-element-329bd99b wd-section-stretch-content elementor-section-content-middle elementor-section-boxed elementor-section-height-default elementor-section-height-default\" data-id=\"329bd99b\" data-element_type=\"section\" data-settings=\"{&quot;background_background&quot;:&quot;classic&quot;}\">\n\t\t\t\t\t\t<div class=\"elementor-container elementor-column-gap-extended\">\n\t\t\t\t\t<div class=\"elementor-column elementor-col-33 elementor-top-column elementor-element elementor-element-bd0a70e\" data-id=\"bd0a70e\" data-element_type=\"column\">\n\t\t\t<div class=\"elementor-widget-wrap elementor-element-populated\">\n\t\t\t\t\t\t\t\t<div class=\"elementor-element elementor-element-0e6cc96 wd-animation-slide-from-top wd-animation-fast elementor-widget elementor-widget-wd_image_or_svg\" data-id=\"0e6cc96\" data-element_type=\"widget\" data-widget_type=\"wd_image_or_svg.default\">\n\t\t\t\t<div class=\"elementor-widget-container\">\n\t\t\t\n\t\t<div class=\"wd-image text-center\">\n\t\t\t\t\t\t\t\t<img loading=\"lazy\" decoding=\"async\" width=\"440\" height=\"580\" src=\"https:\/\/alupax.com\/wp-content\/uploads\/2023\/04\/top1-q4t3z5zlkm8yg5cd7huvexvyclgeva9ekszt01hxgo-440x580.jpg\" class=\"attachment-440x580 size-440x580\" alt=\"\" srcset=\"https:\/\/alupax.com\/wp-content\/uploads\/2023\/04\/top1-q4t3z5zlkm8yg5cd7huvexvyclgeva9ekszt01hxgo.jpg 440w, https:\/\/alupax.com\/wp-content\/uploads\/2023\/04\/top1-q4t3z5zlkm8yg5cd7huvexvyclgeva9ekszt01hxgo-228x300.jpg 228w, https:\/\/alupax.com\/wp-content\/uploads\/2023\/04\/top1-q4t3z5zlkm8yg5cd7huvexvyclgeva9ekszt01hxgo-430x567.jpg 430w, https:\/\/alupax.com\/wp-content\/uploads\/2023\/04\/top1-q4t3z5zlkm8yg5cd7huvexvyclgeva9ekszt01hxgo-150x198.jpg 150w\" sizes=\"auto, (max-width: 440px) 100vw, 440px\" \/>\t\t\t\t\t<\/div>\n\n\t\t\t\t<\/div>\n\t\t\t\t<\/div>\n\t\t\t\t\t<\/div>\n\t\t<\/div>\n\t\t\t\t<div class=\"elementor-column elementor-col-33 elementor-top-column elementor-element elementor-element-7927c48f\" data-id=\"7927c48f\" data-element_type=\"column\">\n\t\t\t<div class=\"elementor-widget-wrap elementor-element-populated\">\n\t\t\t\t\t\t\t\t<div class=\"elementor-element elementor-element-6b63677e text-right elementor-hidden-mobile wd-animation-slide-from-top wd-animation-fast elementor-hidden-desktop elementor-hidden-tablet color-scheme-inherit elementor-widget elementor-widget-text-editor\" data-id=\"6b63677e\" data-element_type=\"widget\" data-widget_type=\"text-editor.default\">\n\t\t\t\t<div class=\"elementor-widget-container\">\n\t\t\t<style>\/*! elementor - v3.17.0 - 01-11-2023 *\/\n.elementor-widget-text-editor.elementor-drop-cap-view-stacked .elementor-drop-cap{background-color:#69727d;color:#fff}.elementor-widget-text-editor.elementor-drop-cap-view-framed .elementor-drop-cap{color:#69727d;border:3px solid;background-color:transparent}.elementor-widget-text-editor:not(.elementor-drop-cap-view-default) .elementor-drop-cap{margin-top:8px}.elementor-widget-text-editor:not(.elementor-drop-cap-view-default) .elementor-drop-cap-letter{width:1em;height:1em}.elementor-widget-text-editor .elementor-drop-cap{float:left;text-align:center;line-height:1;font-size:50px}.elementor-widget-text-editor .elementor-drop-cap-letter{display:inline-block}<\/style>\t\t\t\t<p>02.<\/p>\t\t\t\t\t\t<\/div>\n\t\t\t\t<\/div>\n\t\t\t\t<div class=\"elementor-element elementor-element-40abe40 wd-animation-slide-from-top wd-animation-fast wd_delay_500 elementor-hidden-desktop elementor-hidden-tablet elementor-hidden-mobile elementor-widget elementor-widget-wd_text_block\" data-id=\"40abe40\" data-element_type=\"widget\" data-widget_type=\"wd_text_block.default\">\n\t\t\t\t<div class=\"elementor-widget-container\">\n\t\t\t\t\t<div class=\"wd-text-block reset-last-child text-center\">\n\t\t\t\n\t\t\t<p>Woodmart animations<\/p>\n\t\t\t\t\t<\/div>\n\t\t\t\t<\/div>\n\t\t\t\t<\/div>\n\t\t\t\t<div class=\"elementor-element elementor-element-399908b9 wd-animation-slide-from-top wd-animation-fast wd_delay_400 elementor-hidden-desktop elementor-hidden-tablet elementor-hidden-mobile elementor-widget elementor-widget-wd_title\" data-id=\"399908b9\" data-element_type=\"widget\" data-widget_type=\"wd_title.default\">\n\t\t\t\t<div class=\"elementor-widget-container\">\n\t\t\t\t\t<div class=\"title-wrapper set-mb-s reset-last-child wd-title-color-default wd-title-style-default wd-title-size-extra-large text-center\">\n\n\t\t\t\n\t\t\t<div class=\"liner-continer\">\n\t\t\t\t<h4 class=\"woodmart-title-container title wd-fontsize-xxxl wd-underline-colored\">Slide from <u>top<\/u><\/h4> \n\t\t\t\t\t\t\t<\/div>\n\n\t\t\t\t\t<\/div>\n\t\t\t\t<\/div>\n\t\t\t\t<\/div>\n\t\t\t\t<div class=\"elementor-element elementor-element-dc3473d wd-animation-slide-from-top wd-animation-fast wd_delay_250 elementor-widget elementor-widget-wd_text_block\" data-id=\"dc3473d\" data-element_type=\"widget\" data-widget_type=\"wd_text_block.default\">\n\t\t\t\t<div class=\"elementor-widget-container\">\n\t\t\t\t\t<div class=\"wd-text-block reset-last-child text-center\">\n\t\t\t\n\t\t\tWe act in cooperation with our stakeholders on system profiles, facade cladding systems, composite panels, office partition systems, solar control systems and accessories.\n\t\t\t\t\t<\/div>\n\t\t\t\t<\/div>\n\t\t\t\t<\/div>\n\t\t\t\t<div class=\"elementor-element elementor-element-57e15cb1 elementor-widget__width-auto wd-animation-slide-from-top wd-animation-fast wd_delay_100 elementor-widget elementor-widget-wd_button\" data-id=\"57e15cb1\" data-element_type=\"widget\" data-widget_type=\"wd_button.default\">\n\t\t\t\t<div class=\"elementor-widget-container\">\n\t\t\t\t\t<div class=\"wd-button-wrapper text-center\" >\n\t\t\t<a class=\"btn btn-style-default btn-style-rectangle btn-size-default btn-color-black btn-icon-pos-right\"  href=\"#\">\n\t\t\t\t<span class=\"wd-btn-text\" data-elementor-setting-key=\"text\">\n\t\t\t\t\tRequest Information\t\t\t\t<\/span>\n\n\t\t\t\t\t\t\t<\/a>\n\t\t<\/div>\n\t\t\t\t<\/div>\n\t\t\t\t<\/div>\n\t\t\t\t\t<\/div>\n\t\t<\/div>\n\t\t\t\t<div class=\"elementor-column elementor-col-33 elementor-top-column elementor-element elementor-element-1993c666\" data-id=\"1993c666\" data-element_type=\"column\">\n\t\t\t<div class=\"elementor-widget-wrap elementor-element-populated\">\n\t\t\t\t\t\t\t\t<div class=\"elementor-element elementor-element-14af31e wd-animation-slide-from-top wd-animation-fast elementor-widget elementor-widget-wd_image_or_svg\" data-id=\"14af31e\" data-element_type=\"widget\" data-widget_type=\"wd_image_or_svg.default\">\n\t\t\t\t<div class=\"elementor-widget-container\">\n\t\t\t\n\t\t<div class=\"wd-image text-center\">\n\t\t\t\t\t\t\t\t<img loading=\"lazy\" decoding=\"async\" width=\"440\" height=\"580\" src=\"https:\/\/alupax.com\/wp-content\/uploads\/2023\/03\/Referanslar_0060_IPA35-440x580.jpg\" class=\"attachment-440x580 size-440x580\" alt=\"\" \/>\t\t\t\t\t<\/div>\n\n\t\t\t\t<\/div>\n\t\t\t\t<\/div>\n\t\t\t\t\t<\/div>\n\t\t<\/div>\n\t\t\t\t\t\t\t<\/div>\n\t\t<\/section>\n\t\t\t\t<section class=\"wd-negative-gap elementor-section elementor-top-section elementor-element elementor-element-7cd207ab wd-section-stretch-content elementor-section-content-middle elementor-section-boxed elementor-section-height-default elementor-section-height-default\" data-id=\"7cd207ab\" data-element_type=\"section\">\n\t\t\t\t\t\t<div class=\"elementor-container elementor-column-gap-extended\">\n\t\t\t\t\t<div class=\"elementor-column elementor-col-50 elementor-top-column elementor-element elementor-element-2269a213\" data-id=\"2269a213\" data-element_type=\"column\">\n\t\t\t<div class=\"elementor-widget-wrap elementor-element-populated\">\n\t\t\t\t\t\t\t\t<div class=\"elementor-element elementor-element-065d5c4 wd-animation-slide-from-left wd-animation-fast wd_delay_250 elementor-widget elementor-widget-wd_title\" data-id=\"065d5c4\" data-element_type=\"widget\" data-widget_type=\"wd_title.default\">\n\t\t\t\t<div class=\"elementor-widget-container\">\n\t\t\t\t\t<div class=\"title-wrapper set-mb-s reset-last-child wd-title-color-default wd-title-style-default wd-title-size-extra-large text-left\">\n\n\t\t\t\n\t\t\t<div class=\"liner-continer\">\n\t\t\t\t<h4 class=\"woodmart-title-container title wd-fontsize-xxxl wd-underline-colored\"><u>Manufacturing<\/u> Services<\/h4> \n\t\t\t\t\t\t\t<\/div>\n\n\t\t\t\t\t<\/div>\n\t\t\t\t<\/div>\n\t\t\t\t<\/div>\n\t\t\t\t<div class=\"elementor-element elementor-element-9ded9db wd-animation-slide-from-right wd-animation-fast wd_delay_400 elementor-widget elementor-widget-wd_text_block\" data-id=\"9ded9db\" data-element_type=\"widget\" data-widget_type=\"wd_text_block.default\">\n\t\t\t\t<div class=\"elementor-widget-container\">\n\t\t\t\t\t<div class=\"wd-text-block reset-last-child text-left\">\n\t\t\t\n\t\t\t<p>We contribute to many projects in Turkey and abroad with our quality products and services. From project drawing to calculations, from production to supervisor service for assembly, we are an end-to-end solution partner for our customers.<\/p>\n\t\t\t\t\t<\/div>\n\t\t\t\t<\/div>\n\t\t\t\t<\/div>\n\t\t\t\t<div class=\"elementor-element elementor-element-19dcd7ca elementor-widget__width-auto wd-animation-slide-from-right wd-animation-fast wd_delay_500 elementor-widget elementor-widget-wd_button\" data-id=\"19dcd7ca\" data-element_type=\"widget\" data-widget_type=\"wd_button.default\">\n\t\t\t\t<div class=\"elementor-widget-container\">\n\t\t\t\t\t<div class=\"wd-button-wrapper text-center\" >\n\t\t\t<a class=\"btn btn-style-default btn-style-rectangle btn-size-default btn-color-black btn-icon-pos-right\"  href=\"#\">\n\t\t\t\t<span class=\"wd-btn-text\" data-elementor-setting-key=\"text\">\n\t\t\t\t\tRequest Information\t\t\t\t<\/span>\n\n\t\t\t\t\t\t\t<\/a>\n\t\t<\/div>\n\t\t\t\t<\/div>\n\t\t\t\t<\/div>\n\t\t\t\t\t<\/div>\n\t\t<\/div>\n\t\t\t\t<div class=\"elementor-column elementor-col-25 elementor-top-column elementor-element elementor-element-4a6287da\" data-id=\"4a6287da\" data-element_type=\"column\">\n\t\t\t<div class=\"elementor-widget-wrap elementor-element-populated\">\n\t\t\t\t\t\t\t\t<div class=\"elementor-element elementor-element-70803df wd-animation-slide-from-right wd-animation-fast elementor-widget elementor-widget-wd_image_or_svg\" data-id=\"70803df\" data-element_type=\"widget\" data-widget_type=\"wd_image_or_svg.default\">\n\t\t\t\t<div class=\"elementor-widget-container\">\n\t\t\t\n\t\t<div class=\"wd-image text-center\">\n\t\t\t\t\t\t\t\t<img loading=\"lazy\" decoding=\"async\" width=\"440\" height=\"580\" src=\"https:\/\/alupax.com\/wp-content\/uploads\/2023\/03\/Referanslar_0089_IPA-30M-440x580.jpg\" class=\"attachment-440x580 size-440x580\" alt=\"\" \/>\t\t\t\t\t<\/div>\n\n\t\t\t\t<\/div>\n\t\t\t\t<\/div>\n\t\t\t\t\t<\/div>\n\t\t<\/div>\n\t\t\t\t<div class=\"elementor-column elementor-col-25 elementor-top-column elementor-element elementor-element-697a1b46\" data-id=\"697a1b46\" data-element_type=\"column\">\n\t\t\t<div class=\"elementor-widget-wrap elementor-element-populated\">\n\t\t\t\t\t\t\t\t<div class=\"elementor-element elementor-element-167e176 wd-animation-slide-from-right wd-animation-fast elementor-widget elementor-widget-wd_image_or_svg\" data-id=\"167e176\" data-element_type=\"widget\" data-widget_type=\"wd_image_or_svg.default\">\n\t\t\t\t<div class=\"elementor-widget-container\">\n\t\t\t\n\t\t<div class=\"wd-image text-center\">\n\t\t\t\t\t\t\t\t<img loading=\"lazy\" decoding=\"async\" width=\"440\" height=\"580\" src=\"https:\/\/alupax.com\/wp-content\/uploads\/2023\/04\/1-q4t40wysain620svzr2vjzzu5eu0707f5gpc5kwjvs-440x580.png\" class=\"attachment-440x580 size-440x580\" alt=\"\" srcset=\"https:\/\/alupax.com\/wp-content\/uploads\/2023\/04\/1-q4t40wysain620svzr2vjzzu5eu0707f5gpc5kwjvs.png 440w, https:\/\/alupax.com\/wp-content\/uploads\/2023\/04\/1-q4t40wysain620svzr2vjzzu5eu0707f5gpc5kwjvs-228x300.png 228w, https:\/\/alupax.com\/wp-content\/uploads\/2023\/04\/1-q4t40wysain620svzr2vjzzu5eu0707f5gpc5kwjvs-430x567.png 430w, https:\/\/alupax.com\/wp-content\/uploads\/2023\/04\/1-q4t40wysain620svzr2vjzzu5eu0707f5gpc5kwjvs-150x198.png 150w\" sizes=\"auto, (max-width: 440px) 100vw, 440px\" \/>\t\t\t\t\t<\/div>\n\n\t\t\t\t<\/div>\n\t\t\t\t<\/div>\n\t\t\t\t\t<\/div>\n\t\t<\/div>\n\t\t\t\t\t\t\t<\/div>\n\t\t<\/section>\n\t\t\t\t\t\t\t<\/div>","protected":false},"excerpt":{"rendered":"<p>Woodmart animations Proje Hizmetleri Alupax olarak de\u011fi\u015fen m\u00fc\u015fteri ihtiya\u00e7lar\u0131n\u0131 kar\u015f\u0131lamak \u00fczere g\u00fcvenilir \u00e7\u00f6z\u00fcm orta\u011f\u0131 olmaya devam ediyoruz. B\u0130LG\u0130 ALIN 02.<\/p>","protected":false},"author":1,"featured_media":0,"parent":0,"menu_order":0,"comment_status":"closed","ping_status":"closed","template":"","meta":{"_seopress_robots_primary_cat":"","footnotes":""},"class_list":["post-11362","page","type-page","status-publish","hentry"],"_links":{"self":[{"href":"https:\/\/alupax.com\/en\/wp-json\/wp\/v2\/pages\/11362","targetHints":{"allow":["GET"]}}],"collection":[{"href":"https:\/\/alupax.com\/en\/wp-json\/wp\/v2\/pages"}],"about":[{"href":"https:\/\/alupax.com\/en\/wp-json\/wp\/v2\/types\/page"}],"author":[{"embeddable":true,"href":"https:\/\/alupax.com\/en\/wp-json\/wp\/v2\/users\/1"}],"replies":[{"embeddable":true,"href":"https:\/\/alupax.com\/en\/wp-json\/wp\/v2\/comments?post=11362"}],"version-history":[{"count":3,"href":"https:\/\/alupax.com\/en\/wp-json\/wp\/v2\/pages\/11362\/revisions"}],"predecessor-version":[{"id":12657,"href":"https:\/\/alupax.com\/en\/wp-json\/wp\/v2\/pages\/11362\/revisions\/12657"}],"wp:attachment":[{"href":"https:\/\/alupax.com\/en\/wp-json\/wp\/v2\/media?parent=11362"}],"curies":[{"name":"wp","href":"https:\/\/api.w.org\/{rel}","templated":true}]}}